{"id":629,"date":"2018-04-24T20:10:44","date_gmt":"2018-04-24T20:10:44","guid":{"rendered":"http:\/\/cogentfp.com\/sustainability\/procurement-policy\/"},"modified":"2018-07-12T19:04:21","modified_gmt":"2018-07-12T19:04:21","slug":"procurement-policy","status":"publish","type":"page","link":"https:\/\/cogentfp.com\/tr\/sustainability\/procurement-policy\/","title":{"rendered":"POLITIQUE D\u2019APPROVISIONNEMENT"},"content":{"rendered":"<p>Le pr\u00e9sent document d\u00e9finit la politique d\u2019approvisionnement de Cogent Forest Products Inc. (CFP) et les prescriptions relatives \u00e0 la divulgation et le r\u00e9examen de cette politique.  Cette politique s\u2019applique \u00e0 toutes les activit\u00e9s entrant dans le champ d\u2019application du Sustainable Forestry Program (SFP). La politique d\u2019approvisionnement sert de socle \u00e0 la concr\u00e9tisation des objectifs de sylviculture durable.<\/p>\n<p>CFP s\u2019engage \u00e0 ce que ses op\u00e9rations d\u2019achat soient conformes au SFP et \u00e0 toutes les prescriptions l\u00e9gales et r\u00e9glementaires en vigueur dans le domaine de l\u2019environnement, \u00e0 savoir:<\/p>\n<ol>\n<li>la fourniture de plaquettes de bois \u00e0 la Savannah Export Facility ne remet aucunement en cause l\u2019adh\u00e9sion de CFP aux principes de sylviculture durable;<\/li>\n<li> les op\u00e9rations d\u2019approvisionnement de CFP respectent la norme de la Sustainable Forestry Initiative (SFIS) et les principes qui permettent une gestion des flux de mati\u00e8re ligneuse durant ces p\u00e9riodes o\u00f9 les conditions m\u00e9t\u00e9orologiques ne sont pas favorables \u00e0 l\u2019exploitation foresti\u00e8re; <\/li>\n<li> CFP fournit exclusivement du bois en provenance des \u00c9tats-Unis; <\/li>\n<li> CFP mise sur la conscience professionnelle de ses salari\u00e9s sachant qu\u2019elle constitue le meilleur moyen de garantir une am\u00e9lioration continue des performances environnementales de nos activit\u00e9s; <\/li>\n<li> CFP n\u2019ach\u00e8te pas de bois sur pied;<\/li>\n<li> CFP ach\u00e8te des r\u00e9sidus de scierie et des r\u00e9manents et des rondins fa\u00e7onn\u00e9s par des b\u00fbcherons qualifi\u00e9s;<\/li>\n<li>Tous les r\u00e9manents et les rondins achet\u00e9s par CFP sont valoris\u00e9s par des b\u00fbcherons qualifi\u00e9s e<\/li>\n<li> CPF s\u2019engage \u00e0 ne jamais accepter, en connaissance de cause, des plaquettes ou des rondins fa\u00e7onn\u00e9s en contravention des bonnes pratiques de gestion de la fili\u00e8re sylvicole.<\/li>\n<\/ol>\n<p>Le SFP s\u2019appuie sur une mise en conformit\u00e9 la SFIS.  Il est attendu de tous les salari\u00e9s, repr\u00e9sentants de l\u2019entreprise et sous-traitants qu\u2019ils agissent conform\u00e9ment \u00e0 cette politique.<\/p>\n<p>Les r\u00f4les, responsabilit\u00e9s et formations n\u00e9cessaires pour atteindre les objectifs de la norme SFI sont pr\u00e9cis\u00e9s dans le SFP<\/p>\n<p>Tous les salari\u00e9s ayant des responsabilit\u00e9s au titre du SFP et les sous-traitants livrant du bois \u00e0 la Savannah Export Facility ont boucl\u00e9 la formation idoine concernant les meilleurs pratiques de gestion de notre fili\u00e8re.<\/p>\n<p>Tous les contrats en cours relatifs aux achats de plaquettes de bois devront \u00eatre conformes aux bonnes pratiques de gestion.  <\/p>\n<p>Le d\u00e9partement des op\u00e9rations archivera les formations suivies par les salari\u00e9s et les sous-traitants concern\u00e9s en mati\u00e8re de bonnes pratiques de gestion.  Cette politique sera examin\u00e9e annuellement par les instances dirigeantes et partag\u00e9e avec tous les employ\u00e9s ayant des responsabilit\u00e9s au titre du SFP.<\/p>\n<p><em>Ao\u00fbt 2015<\/em><\/p>\n","protected":false},"excerpt":{"rendered":"<p>Le pr\u00e9sent document d\u00e9finit la politique d\u2019approvisionnement de Cogent Forest Products Inc. (CFP) et les prescriptions relatives \u00e0 la divulgation et le r\u00e9examen de cette politique. Cette politique s\u2019applique \u00e0 toutes les activit\u00e9s entrant dans le champ d\u2019application du Sustainable Forestry Program (SFP). La politique d\u2019approvisionnement sert de socle \u00e0 la concr\u00e9tisation des objectifs de [&hellip;]<\/p>\n","protected":false},"author":2,"featured_media":0,"parent":251,"menu_order":0,"comment_status":"closed","ping_status":"closed","template":"","meta":{"footnotes":""},"class_list":["post-629","page","type-page","status-publish","hentry"],"yoast_head":"<!-- This site is optimized with the Yoast SEO plugin v27.3 - https:\/\/yoast.com\/product\/yoast-seo-wordpress\/ -->\n<title>POLITIQUE D\u2019APPROVISIONNEMENT - Cogent Forest Products<\/title>\n<meta name=\"robots\" content=\"index, follow, max-snippet:-1, max-image-preview:large, max-video-preview:-1\" \/>\n<link rel=\"canonical\" href=\"https:\/\/cogentfp.com\/tr\/sustainability\/procurement-policy\/\" \/>\n<meta property=\"og:locale\" content=\"tr_TR\" \/>\n<meta property=\"og:type\" content=\"article\" \/>\n<meta property=\"og:title\" content=\"POLITIQUE D\u2019APPROVISIONNEMENT - Cogent Forest Products\" \/>\n<meta property=\"og:description\" content=\"Le pr\u00e9sent document d\u00e9finit la politique d\u2019approvisionnement de Cogent Forest Products Inc. (CFP) et les prescriptions relatives \u00e0 la divulgation et le r\u00e9examen de cette politique. Cette politique s\u2019applique \u00e0 toutes les activit\u00e9s entrant dans le champ d\u2019application du Sustainable Forestry Program (SFP). La politique d\u2019approvisionnement sert de socle \u00e0 la concr\u00e9tisation des objectifs de [&hellip;]\" \/>\n<meta property=\"og:url\" content=\"https:\/\/cogentfp.com\/tr\/sustainability\/procurement-policy\/\" \/>\n<meta property=\"og:site_name\" content=\"Cogent Forest Products\" \/>\n<meta property=\"article:modified_time\" content=\"2018-07-12T19:04:21+00:00\" \/>\n<meta name=\"twitter:card\" content=\"summary_large_image\" \/>\n<meta name=\"twitter:label1\" content=\"Tahmini okuma s\u00fcresi\" \/>\n\t<meta name=\"twitter:data1\" content=\"2 dakika\" \/>\n<script type=\"application\/ld+json\" class=\"yoast-schema-graph\">{\"@context\":\"https:\\\/\\\/schema.org\",\"@graph\":[{\"@type\":\"WebPage\",\"@id\":\"https:\\\/\\\/cogentfp.com\\\/tr\\\/sustainability\\\/procurement-policy\\\/\",\"url\":\"https:\\\/\\\/cogentfp.com\\\/tr\\\/sustainability\\\/procurement-policy\\\/\",\"name\":\"POLITIQUE D\u2019APPROVISIONNEMENT - Cogent Forest Products\",\"isPartOf\":{\"@id\":\"https:\\\/\\\/cogentfp.com\\\/#website\"},\"datePublished\":\"2018-04-24T20:10:44+00:00\",\"dateModified\":\"2018-07-12T19:04:21+00:00\",\"breadcrumb\":{\"@id\":\"https:\\\/\\\/cogentfp.com\\\/tr\\\/sustainability\\\/procurement-policy\\\/#breadcrumb\"},\"inLanguage\":\"tr\",\"potentialAction\":[{\"@type\":\"ReadAction\",\"target\":[\"https:\\\/\\\/cogentfp.com\\\/tr\\\/sustainability\\\/procurement-policy\\\/\"]}]},{\"@type\":\"BreadcrumbList\",\"@id\":\"https:\\\/\\\/cogentfp.com\\\/tr\\\/sustainability\\\/procurement-policy\\\/#breadcrumb\",\"itemListElement\":[{\"@type\":\"ListItem\",\"position\":1,\"name\":\"Home\",\"item\":\"https:\\\/\\\/cogentfp.com\\\/tr\\\/\"},{\"@type\":\"ListItem\",\"position\":2,\"name\":\"\u00c7EVRESEL S\u00dcRD\u00dcR\u00dcLEB\u0130L\u0130RL\u0130K\",\"item\":\"https:\\\/\\\/cogentfp.com\\\/tr\\\/sustainability\\\/\"},{\"@type\":\"ListItem\",\"position\":3,\"name\":\"POLITIQUE D\u2019APPROVISIONNEMENT\"}]},{\"@type\":\"WebSite\",\"@id\":\"https:\\\/\\\/cogentfp.com\\\/#website\",\"url\":\"https:\\\/\\\/cogentfp.com\\\/\",\"name\":\"Cogent Forest Products\",\"description\":\"\",\"potentialAction\":[{\"@type\":\"SearchAction\",\"target\":{\"@type\":\"EntryPoint\",\"urlTemplate\":\"https:\\\/\\\/cogentfp.com\\\/?s={search_term_string}\"},\"query-input\":{\"@type\":\"PropertyValueSpecification\",\"valueRequired\":true,\"valueName\":\"search_term_string\"}}],\"inLanguage\":\"tr\"}]}<\/script>\n<!-- \/ Yoast SEO plugin. -->","yoast_head_json":{"title":"POLITIQUE D\u2019APPROVISIONNEMENT - Cogent Forest Products","robots":{"index":"index","follow":"follow","max-snippet":"max-snippet:-1","max-image-preview":"max-image-preview:large","max-video-preview":"max-video-preview:-1"},"canonical":"https:\/\/cogentfp.com\/tr\/sustainability\/procurement-policy\/","og_locale":"tr_TR","og_type":"article","og_title":"POLITIQUE D\u2019APPROVISIONNEMENT - Cogent Forest Products","og_description":"Le pr\u00e9sent document d\u00e9finit la politique d\u2019approvisionnement de Cogent Forest Products Inc. (CFP) et les prescriptions relatives \u00e0 la divulgation et le r\u00e9examen de cette politique. Cette politique s\u2019applique \u00e0 toutes les activit\u00e9s entrant dans le champ d\u2019application du Sustainable Forestry Program (SFP). La politique d\u2019approvisionnement sert de socle \u00e0 la concr\u00e9tisation des objectifs de [&hellip;]","og_url":"https:\/\/cogentfp.com\/tr\/sustainability\/procurement-policy\/","og_site_name":"Cogent Forest Products","article_modified_time":"2018-07-12T19:04:21+00:00","twitter_card":"summary_large_image","twitter_misc":{"Tahmini okuma s\u00fcresi":"2 dakika"},"schema":{"@context":"https:\/\/schema.org","@graph":[{"@type":"WebPage","@id":"https:\/\/cogentfp.com\/tr\/sustainability\/procurement-policy\/","url":"https:\/\/cogentfp.com\/tr\/sustainability\/procurement-policy\/","name":"POLITIQUE D\u2019APPROVISIONNEMENT - Cogent Forest Products","isPartOf":{"@id":"https:\/\/cogentfp.com\/#website"},"datePublished":"2018-04-24T20:10:44+00:00","dateModified":"2018-07-12T19:04:21+00:00","breadcrumb":{"@id":"https:\/\/cogentfp.com\/tr\/sustainability\/procurement-policy\/#breadcrumb"},"inLanguage":"tr","potentialAction":[{"@type":"ReadAction","target":["https:\/\/cogentfp.com\/tr\/sustainability\/procurement-policy\/"]}]},{"@type":"BreadcrumbList","@id":"https:\/\/cogentfp.com\/tr\/sustainability\/procurement-policy\/#breadcrumb","itemListElement":[{"@type":"ListItem","position":1,"name":"Home","item":"https:\/\/cogentfp.com\/tr\/"},{"@type":"ListItem","position":2,"name":"\u00c7EVRESEL S\u00dcRD\u00dcR\u00dcLEB\u0130L\u0130RL\u0130K","item":"https:\/\/cogentfp.com\/tr\/sustainability\/"},{"@type":"ListItem","position":3,"name":"POLITIQUE D\u2019APPROVISIONNEMENT"}]},{"@type":"WebSite","@id":"https:\/\/cogentfp.com\/#website","url":"https:\/\/cogentfp.com\/","name":"Cogent Forest Products","description":"","potentialAction":[{"@type":"SearchAction","target":{"@type":"EntryPoint","urlTemplate":"https:\/\/cogentfp.com\/?s={search_term_string}"},"query-input":{"@type":"PropertyValueSpecification","valueRequired":true,"valueName":"search_term_string"}}],"inLanguage":"tr"}]}},"_links":{"self":[{"href":"https:\/\/cogentfp.com\/tr\/wp-json\/wp\/v2\/pages\/629","targetHints":{"allow":["GET"]}}],"collection":[{"href":"https:\/\/cogentfp.com\/tr\/wp-json\/wp\/v2\/pages"}],"about":[{"href":"https:\/\/cogentfp.com\/tr\/wp-json\/wp\/v2\/types\/page"}],"author":[{"embeddable":true,"href":"https:\/\/cogentfp.com\/tr\/wp-json\/wp\/v2\/users\/2"}],"replies":[{"embeddable":true,"href":"https:\/\/cogentfp.com\/tr\/wp-json\/wp\/v2\/comments?post=629"}],"version-history":[{"count":0,"href":"https:\/\/cogentfp.com\/tr\/wp-json\/wp\/v2\/pages\/629\/revisions"}],"up":[{"embeddable":true,"href":"https:\/\/cogentfp.com\/tr\/wp-json\/wp\/v2\/pages\/251"}],"wp:attachment":[{"href":"https:\/\/cogentfp.com\/tr\/wp-json\/wp\/v2\/media?parent=629"}],"curies":[{"name":"wp","href":"https:\/\/api.w.org\/{rel}","templated":true}]}}