{"id":484,"date":"2018-04-24T20:10:44","date_gmt":"2018-04-24T20:10:44","guid":{"rendered":"http:\/\/cogent2018.wpengine.com\/sustainability\/procurement-policy\/"},"modified":"2018-06-05T22:12:10","modified_gmt":"2018-06-05T22:12:10","slug":"procurement-policy","status":"publish","type":"page","link":"https:\/\/cogentfp.com\/es\/sustainability\/procurement-policy\/","title":{"rendered":"POL\u00cdTICA DE ADQUISICIONES"},"content":{"rendered":"<p>Este documento establece la Pol\u00edtica de Adquisiciones para Cogent Forest Products Inc. (CFP) y los requisitos para comunicar y revisar la pol\u00edtica. Esta pol\u00edtica se aplica a todas las operaciones bajo el alcance del Programa Forestal Sostenible (SFP). La Pol\u00edtica de Adquisiciones define la base para lograr objetivos forestales sostenibles.<\/p>\n<p>Las operaciones de adquisici\u00f3n de CFP cumplir\u00e1n con todas las leyes y regulaciones ambientales aplicables y el SFP: <\/p>\n<ol>\n<li>La CFP no comprometer\u00e1 nuestra adhesi\u00f3n a los principios de la silvicultura sostenible para adquirir chips de madera para la Planta de Exportaci\u00f3n de Savannah; <\/li>\n<li>Las operaciones de adquisici\u00f3n de CFP se llevar\u00e1n a cabo de modo tal que cumplan con los principios de la Iniciativa Forestal Sostenible (SFIS), y para gestionar el flujo de la madera durante los per\u00edodos en que los patrones clim\u00e1ticos crean condiciones adversas de tala;<\/li>\n<li>CFP no compra madera fuera de los Estados Unidos; <\/li>\n<li>CFP har\u00e1 hincapi\u00e9 en la diligencia del empleado como el mejor medio posible para mejorar continuamente el desempe\u00f1o ambiental de nuestras operaciones; <\/li>\n<li>CFP no compra madera de tala; <\/li>\n<li>CFP compra chips residuales de molinos, astillas de madera y madera redonda, producidas por madereros capacitados; <\/li>\n<li>Todos los chips de madera en bosque y la madera redonda comprada por CFP, son producidas por madereros capacitados; y <\/li>\n<li>CFP nunca aceptar\u00e1 a sabiendas chips de madera ni madera redonda producida en violaci\u00f3n de las BMP forestales estatales. <\/li>\n<\/ol>\n<p>El SFP se basa en la conformidad con el SFIS. Se espera que todos los empleados, representantes de la compa\u00f1\u00eda y contratistas act\u00faen de acuerdo con esta pol\u00edtica.  <\/p>\n<p>Los roles, las responsabilidades y la capacitaci\u00f3n necesarias para alcanzar los objetivos de la Norma SFI est\u00e1n definidos en el SFP. <\/p>\n<p>Todos los empleados con responsabilidades de SFP y contratistas que entregan la madera a la Planta de Exportaci\u00f3n de Savannah han completado la capacitaci\u00f3n de BMP correspondiente. <\/p>\n<p>Todos los contratos aplicables relacionados con las compras de astillas de madera requerir\u00e1n el cumplimiento de las BMP. <\/p>\n<p>Las operaciones documentar\u00e1n la capacitaci\u00f3n en BMP para empleados y contratistas apropiados. La pol\u00edtica ser\u00e1 revisada anualmente por la Alta Direcci\u00f3n y se comunicar\u00e1 a todos los empleados con responsabilidades de SFP.<\/p>\n<p><em>Agosto de 2015<\/em><\/p>\n","protected":false},"excerpt":{"rendered":"<p>Este documento establece la Pol\u00edtica de Adquisiciones para Cogent Forest Products Inc. (CFP) y los requisitos para comunicar y revisar la pol\u00edtica. Esta pol\u00edtica se aplica a todas las operaciones bajo el alcance del Programa Forestal Sostenible (SFP). La Pol\u00edtica de Adquisiciones define la base para lograr objetivos forestales sostenibles. Las operaciones de adquisici\u00f3n de [&hellip;]<\/p>\n","protected":false},"author":2,"featured_media":0,"parent":482,"menu_order":0,"comment_status":"closed","ping_status":"closed","template":"","meta":{"footnotes":""},"class_list":["post-484","page","type-page","status-publish","hentry"],"yoast_head":"<!-- This site is optimized with the Yoast SEO plugin v27.3 - https:\/\/yoast.com\/product\/yoast-seo-wordpress\/ -->\n<title>POL\u00cdTICA DE ADQUISICIONES - Cogent Forest Products<\/title>\n<meta name=\"robots\" content=\"index, follow, max-snippet:-1, max-image-preview:large, max-video-preview:-1\" \/>\n<link rel=\"canonical\" href=\"https:\/\/cogentfp.com\/es\/sustainability\/procurement-policy\/\" \/>\n<meta property=\"og:locale\" content=\"es_ES\" \/>\n<meta property=\"og:type\" content=\"article\" \/>\n<meta property=\"og:title\" content=\"POL\u00cdTICA DE ADQUISICIONES - Cogent Forest Products\" \/>\n<meta property=\"og:description\" content=\"Este documento establece la Pol\u00edtica de Adquisiciones para Cogent Forest Products Inc. (CFP) y los requisitos para comunicar y revisar la pol\u00edtica. Esta pol\u00edtica se aplica a todas las operaciones bajo el alcance del Programa Forestal Sostenible (SFP). La Pol\u00edtica de Adquisiciones define la base para lograr objetivos forestales sostenibles. Las operaciones de adquisici\u00f3n de [&hellip;]\" \/>\n<meta property=\"og:url\" content=\"https:\/\/cogentfp.com\/es\/sustainability\/procurement-policy\/\" \/>\n<meta property=\"og:site_name\" content=\"Cogent Forest Products\" \/>\n<meta property=\"article:modified_time\" content=\"2018-06-05T22:12:10+00:00\" \/>\n<meta name=\"twitter:card\" content=\"summary_large_image\" \/>\n<meta name=\"twitter:label1\" content=\"Tiempo de lectura\" \/>\n\t<meta name=\"twitter:data1\" content=\"2 minutos\" \/>\n<script type=\"application\/ld+json\" class=\"yoast-schema-graph\">{\"@context\":\"https:\\\/\\\/schema.org\",\"@graph\":[{\"@type\":\"WebPage\",\"@id\":\"https:\\\/\\\/cogentfp.com\\\/es\\\/sustainability\\\/procurement-policy\\\/\",\"url\":\"https:\\\/\\\/cogentfp.com\\\/es\\\/sustainability\\\/procurement-policy\\\/\",\"name\":\"POL\u00cdTICA DE ADQUISICIONES - Cogent Forest Products\",\"isPartOf\":{\"@id\":\"https:\\\/\\\/cogentfp.com\\\/#website\"},\"datePublished\":\"2018-04-24T20:10:44+00:00\",\"dateModified\":\"2018-06-05T22:12:10+00:00\",\"breadcrumb\":{\"@id\":\"https:\\\/\\\/cogentfp.com\\\/es\\\/sustainability\\\/procurement-policy\\\/#breadcrumb\"},\"inLanguage\":\"es\",\"potentialAction\":[{\"@type\":\"ReadAction\",\"target\":[\"https:\\\/\\\/cogentfp.com\\\/es\\\/sustainability\\\/procurement-policy\\\/\"]}]},{\"@type\":\"BreadcrumbList\",\"@id\":\"https:\\\/\\\/cogentfp.com\\\/es\\\/sustainability\\\/procurement-policy\\\/#breadcrumb\",\"itemListElement\":[{\"@type\":\"ListItem\",\"position\":1,\"name\":\"Home\",\"item\":\"https:\\\/\\\/cogentfp.com\\\/es\\\/\"},{\"@type\":\"ListItem\",\"position\":2,\"name\":\"SUSTENTABILIDAD\",\"item\":\"https:\\\/\\\/cogentfp.com\\\/es\\\/sustainability\\\/\"},{\"@type\":\"ListItem\",\"position\":3,\"name\":\"POL\u00cdTICA DE ADQUISICIONES\"}]},{\"@type\":\"WebSite\",\"@id\":\"https:\\\/\\\/cogentfp.com\\\/#website\",\"url\":\"https:\\\/\\\/cogentfp.com\\\/\",\"name\":\"Cogent Forest Products\",\"description\":\"\",\"potentialAction\":[{\"@type\":\"SearchAction\",\"target\":{\"@type\":\"EntryPoint\",\"urlTemplate\":\"https:\\\/\\\/cogentfp.com\\\/?s={search_term_string}\"},\"query-input\":{\"@type\":\"PropertyValueSpecification\",\"valueRequired\":true,\"valueName\":\"search_term_string\"}}],\"inLanguage\":\"es\"}]}<\/script>\n<!-- \/ Yoast SEO plugin. -->","yoast_head_json":{"title":"POL\u00cdTICA DE ADQUISICIONES - Cogent Forest Products","robots":{"index":"index","follow":"follow","max-snippet":"max-snippet:-1","max-image-preview":"max-image-preview:large","max-video-preview":"max-video-preview:-1"},"canonical":"https:\/\/cogentfp.com\/es\/sustainability\/procurement-policy\/","og_locale":"es_ES","og_type":"article","og_title":"POL\u00cdTICA DE ADQUISICIONES - Cogent Forest Products","og_description":"Este documento establece la Pol\u00edtica de Adquisiciones para Cogent Forest Products Inc. (CFP) y los requisitos para comunicar y revisar la pol\u00edtica. Esta pol\u00edtica se aplica a todas las operaciones bajo el alcance del Programa Forestal Sostenible (SFP). La Pol\u00edtica de Adquisiciones define la base para lograr objetivos forestales sostenibles. Las operaciones de adquisici\u00f3n de [&hellip;]","og_url":"https:\/\/cogentfp.com\/es\/sustainability\/procurement-policy\/","og_site_name":"Cogent Forest Products","article_modified_time":"2018-06-05T22:12:10+00:00","twitter_card":"summary_large_image","twitter_misc":{"Tiempo de lectura":"2 minutos"},"schema":{"@context":"https:\/\/schema.org","@graph":[{"@type":"WebPage","@id":"https:\/\/cogentfp.com\/es\/sustainability\/procurement-policy\/","url":"https:\/\/cogentfp.com\/es\/sustainability\/procurement-policy\/","name":"POL\u00cdTICA DE ADQUISICIONES - Cogent Forest Products","isPartOf":{"@id":"https:\/\/cogentfp.com\/#website"},"datePublished":"2018-04-24T20:10:44+00:00","dateModified":"2018-06-05T22:12:10+00:00","breadcrumb":{"@id":"https:\/\/cogentfp.com\/es\/sustainability\/procurement-policy\/#breadcrumb"},"inLanguage":"es","potentialAction":[{"@type":"ReadAction","target":["https:\/\/cogentfp.com\/es\/sustainability\/procurement-policy\/"]}]},{"@type":"BreadcrumbList","@id":"https:\/\/cogentfp.com\/es\/sustainability\/procurement-policy\/#breadcrumb","itemListElement":[{"@type":"ListItem","position":1,"name":"Home","item":"https:\/\/cogentfp.com\/es\/"},{"@type":"ListItem","position":2,"name":"SUSTENTABILIDAD","item":"https:\/\/cogentfp.com\/es\/sustainability\/"},{"@type":"ListItem","position":3,"name":"POL\u00cdTICA DE ADQUISICIONES"}]},{"@type":"WebSite","@id":"https:\/\/cogentfp.com\/#website","url":"https:\/\/cogentfp.com\/","name":"Cogent Forest Products","description":"","potentialAction":[{"@type":"SearchAction","target":{"@type":"EntryPoint","urlTemplate":"https:\/\/cogentfp.com\/?s={search_term_string}"},"query-input":{"@type":"PropertyValueSpecification","valueRequired":true,"valueName":"search_term_string"}}],"inLanguage":"es"}]}},"_links":{"self":[{"href":"https:\/\/cogentfp.com\/es\/wp-json\/wp\/v2\/pages\/484","targetHints":{"allow":["GET"]}}],"collection":[{"href":"https:\/\/cogentfp.com\/es\/wp-json\/wp\/v2\/pages"}],"about":[{"href":"https:\/\/cogentfp.com\/es\/wp-json\/wp\/v2\/types\/page"}],"author":[{"embeddable":true,"href":"https:\/\/cogentfp.com\/es\/wp-json\/wp\/v2\/users\/2"}],"replies":[{"embeddable":true,"href":"https:\/\/cogentfp.com\/es\/wp-json\/wp\/v2\/comments?post=484"}],"version-history":[{"count":0,"href":"https:\/\/cogentfp.com\/es\/wp-json\/wp\/v2\/pages\/484\/revisions"}],"up":[{"embeddable":true,"href":"https:\/\/cogentfp.com\/es\/wp-json\/wp\/v2\/pages\/482"}],"wp:attachment":[{"href":"https:\/\/cogentfp.com\/es\/wp-json\/wp\/v2\/media?parent=484"}],"curies":[{"name":"wp","href":"https:\/\/api.w.org\/{rel}","templated":true}]}}